{"id":6728,"date":"2024-03-20T16:22:00","date_gmt":"2024-03-20T21:22:00","guid":{"rendered":"https:\/\/coolsite.website\/?page_id=6728"},"modified":"2024-03-20T16:46:33","modified_gmt":"2024-03-20T21:46:33","slug":"generador-de-enlace-de-whatsapp","status":"publish","type":"page","link":"https:\/\/coolsite.website\/en\/generador-de-enlace-de-whatsapp\/","title":{"rendered":"Generador de enlace de WhatsApp"},"content":{"rendered":"<div data-elementor-type=\"wp-page\" data-elementor-id=\"6728\" class=\"elementor elementor-6728\" data-elementor-post-type=\"page\">\n\t\t\t\t\t\t<section class=\"elementor-section elementor-top-section elementor-element elementor-element-51232b5 elementor-section-height-min-height elementor-section-boxed elementor-section-height-default elementor-section-items-middle\" data-id=\"51232b5\" data-element_type=\"section\" data-settings=\"{&quot;background_background&quot;:&quot;classic&quot;,&quot;_ha_eqh_enable&quot;:false}\">\n\t\t\t\t\t\t<div class=\"elementor-container elementor-column-gap-default\">\n\t\t\t\t\t<div class=\"elementor-column elementor-col-100 elementor-top-column elementor-element elementor-element-df84aa2\" data-id=\"df84aa2\" data-element_type=\"column\">\n\t\t\t<div class=\"elementor-widget-wrap elementor-element-populated\">\n\t\t\t\t\t\t<div class=\"elementor-element elementor-element-628dd1b elementor-widget elementor-widget-heading\" data-id=\"628dd1b\" data-element_type=\"widget\" data-widget_type=\"heading.default\">\n\t\t\t\t<div class=\"elementor-widget-container\">\n\t\t\t<h2 class=\"elementor-heading-title elementor-size-default\">CREA TU LINK GRATIS<\/h2>\t\t<\/div>\n\t\t\t\t<\/div>\n\t\t\t\t<div class=\"elementor-element elementor-element-257629a elementor-widget elementor-widget-text-editor\" data-id=\"257629a\" data-element_type=\"widget\" data-widget_type=\"text-editor.default\">\n\t\t\t\t<div class=\"elementor-widget-container\">\n\t\t\t\t\t\t\t<p>Tu enlace de WhatsApp<\/p>\t\t\t\t\t\t<\/div>\n\t\t\t\t<\/div>\n\t\t\t\t\t<\/div>\n\t\t<\/div>\n\t\t\t\t\t<\/div>\n\t\t<\/section>\n\t\t\t\t<section class=\"elementor-section elementor-top-section elementor-element elementor-element-182a74e elementor-section-boxed elementor-section-height-default elementor-section-height-default\" data-id=\"182a74e\" data-element_type=\"section\" data-settings=\"{&quot;_ha_eqh_enable&quot;:false}\">\n\t\t\t\t\t\t<div class=\"elementor-container elementor-column-gap-default\">\n\t\t\t\t\t<div class=\"elementor-column elementor-col-100 elementor-top-column elementor-element elementor-element-740dbc4\" data-id=\"740dbc4\" data-element_type=\"column\">\n\t\t\t<div class=\"elementor-widget-wrap elementor-element-populated\">\n\t\t\t\t\t\t<section class=\"elementor-section elementor-inner-section elementor-element elementor-element-49bb25f elementor-section-boxed elementor-section-height-default elementor-section-height-default\" data-id=\"49bb25f\" data-element_type=\"section\" data-settings=\"{&quot;_ha_eqh_enable&quot;:false}\">\n\t\t\t\t\t\t<div class=\"elementor-container elementor-column-gap-default\">\n\t\t\t\t\t<div class=\"elementor-column elementor-col-50 elementor-inner-column elementor-element elementor-element-1e3f64d\" data-id=\"1e3f64d\" data-element_type=\"column\">\n\t\t\t<div class=\"elementor-widget-wrap elementor-element-populated\">\n\t\t\t\t\t\t<div class=\"elementor-element elementor-element-443d75b elementor-widget elementor-widget-shortcode\" data-id=\"443d75b\" data-element_type=\"widget\" data-widget_type=\"shortcode.default\">\n\t\t\t\t<div class=\"elementor-widget-container\">\n\t\t\t\t\t<div class=\"elementor-shortcode\">    <div class=\"container\">\r\n      <h2>Genera tus Enlaces para WhatsApp<\/h2>\r\n      <label for=\"phone\">\u00bfCu\u00e1l es tu tel\u00e9fono?<\/label>\r\n      <input type=\"text\" id=\"phone\" placeholder=\"Ejemplo: +593997380432\">\r\n      <label for=\"message\">\u00bfQu\u00e9 mensaje personalizado quieres enviar cuando tus clientes te contacten?<\/label>\r\n      <input type=\"text\" id=\"message\" placeholder=\"Ingrese el mensaje\">\r\n      <button onclick=\"generateLink()\">Generar Enlace<\/button>\r\n      <div id=\"result\"><\/div>\r\n    <\/div>\r\n\r\n    <script src=\"https:\/\/coolsite.website\/wp-content\/plugins\/whatsapp-link-generator\/script.js\"><\/script>\r\n    <\/div>\n\t\t\t\t<\/div>\n\t\t\t\t<\/div>\n\t\t\t\t\t<\/div>\n\t\t<\/div>\n\t\t\t\t<div class=\"elementor-column elementor-col-50 elementor-inner-column elementor-element elementor-element-e045dfa\" data-id=\"e045dfa\" data-element_type=\"column\">\n\t\t\t<div class=\"elementor-widget-wrap elementor-element-populated\">\n\t\t\t\t\t\t<div class=\"elementor-element elementor-element-263f729 elementor-widget elementor-widget-image\" data-id=\"263f729\" data-element_type=\"widget\" data-widget_type=\"image.default\">\n\t\t\t\t<div class=\"elementor-widget-container\">\n\t\t\t\t\t\t\t\t\t\t\t\t\t<img decoding=\"async\" width=\"125\" height=\"77\" src=\"https:\/\/i0.wp.com\/coolsite.website\/wp-content\/uploads\/2024\/03\/1703461868-31644226-133x82-127762032-133x82-planes2-.webp?fit=125%2C77&amp;ssl=1\" class=\"attachment-full size-full wp-image-6752\" alt=\"\" srcset=\"https:\/\/i0.wp.com\/coolsite.website\/wp-content\/uploads\/2024\/03\/1703461868-31644226-133x82-127762032-133x82-planes2-.webp?w=125&amp;ssl=1 125w, https:\/\/i0.wp.com\/coolsite.website\/wp-content\/uploads\/2024\/03\/1703461868-31644226-133x82-127762032-133x82-planes2-.webp?resize=18%2C12&amp;ssl=1 18w\" sizes=\"(max-width: 125px) 100vw, 125px\" \/>\t\t\t\t\t\t\t\t\t\t\t\t\t<\/div>\n\t\t\t\t<\/div>\n\t\t\t\t<div class=\"elementor-element elementor-element-5e657e7 elementor-widget elementor-widget-text-editor\" data-id=\"5e657e7\" data-element_type=\"widget\" data-widget_type=\"text-editor.default\">\n\t\t\t\t<div class=\"elementor-widget-container\">\n\t\t\t\t\t\t\t<p>Obt\u00e9n el contacto de tus clientes y mejora la comunicaci\u00f3n utilizando estrategias de marketing en WhatsApp para establecer un di\u00e1logo m\u00e1s efectivo.<\/p>\t\t\t\t\t\t<\/div>\n\t\t\t\t<\/div>\n\t\t\t\t<div class=\"elementor-element elementor-element-6b05a3c elementor-widget elementor-widget-image\" data-id=\"6b05a3c\" data-element_type=\"widget\" data-widget_type=\"image.default\">\n\t\t\t\t<div class=\"elementor-widget-container\">\n\t\t\t\t\t\t\t\t\t\t\t\t\t<img decoding=\"async\" width=\"120\" height=\"173\" src=\"https:\/\/i0.wp.com\/coolsite.website\/wp-content\/uploads\/2024\/03\/1703461866-31644201-73x105-127762087-73x105-planes3-.webp?fit=120%2C173&amp;ssl=1\" class=\"attachment-large size-large wp-image-6751\" alt=\"\" srcset=\"https:\/\/i0.wp.com\/coolsite.website\/wp-content\/uploads\/2024\/03\/1703461866-31644201-73x105-127762087-73x105-planes3-.webp?w=120&amp;ssl=1 120w, https:\/\/i0.wp.com\/coolsite.website\/wp-content\/uploads\/2024\/03\/1703461866-31644201-73x105-127762087-73x105-planes3-.webp?resize=8%2C12&amp;ssl=1 8w\" sizes=\"(max-width: 120px) 100vw, 120px\" \/>\t\t\t\t\t\t\t\t\t\t\t\t\t<\/div>\n\t\t\t\t<\/div>\n\t\t\t\t\t<\/div>\n\t\t<\/div>\n\t\t\t\t\t<\/div>\n\t\t<\/section>\n\t\t\t\t\t<\/div>\n\t\t<\/div>\n\t\t\t\t\t<\/div>\n\t\t<\/section>\n\t\t\t\t<\/div>","protected":false},"excerpt":{"rendered":"<p>CREA TU LINK GRATIS Tu enlace de WhatsApp Obt\u00e9n el contacto de tus clientes y mejora la comunicaci\u00f3n utilizando estrategias de marketing en WhatsApp para establecer un di\u00e1logo m\u00e1s efectivo.<\/p>","protected":false},"author":1,"featured_media":0,"parent":0,"menu_order":0,"comment_status":"closed","ping_status":"closed","template":"","meta":{"footnotes":""},"yoast_head":"<!-- This site is optimized with the Yoast SEO Premium plugin v21.8 (Yoast SEO v23.5) - https:\/\/yoast.com\/wordpress\/plugins\/seo\/ -->\n<title>Generador de enlace de WhatsApp | CoolSite<\/title>\n<meta name=\"robots\" content=\"index, follow, max-snippet:-1, max-image-preview:large, max-video-preview:-1\" \/>\n<link rel=\"canonical\" href=\"https:\/\/coolsite.website\/en\/generador-de-enlace-de-whatsapp\/\" \/>\n<meta property=\"og:locale\" content=\"en_US\" \/>\n<meta property=\"og:type\" content=\"article\" \/>\n<meta property=\"og:title\" content=\"Generador de enlace de WhatsApp\" \/>\n<meta property=\"og:description\" content=\"CREA TU LINK GRATIS Tu enlace de WhatsApp Obt\u00e9n el contacto de tus clientes y mejora la comunicaci\u00f3n utilizando estrategias de marketing en WhatsApp para establecer un di\u00e1logo m\u00e1s efectivo.\" \/>\n<meta property=\"og:url\" content=\"https:\/\/coolsite.website\/en\/generador-de-enlace-de-whatsapp\/\" \/>\n<meta property=\"og:site_name\" content=\"CoolSite\" \/>\n<meta property=\"article:modified_time\" content=\"2024-03-20T21:46:33+00:00\" \/>\n<meta property=\"og:image\" content=\"https:\/\/coolsite.website\/wp-content\/uploads\/2024\/03\/1703461868-31644226-133x82-127762032-133x82-planes2-.webp\" \/>\n<meta name=\"twitter:card\" content=\"summary_large_image\" \/>\n<meta name=\"twitter:label1\" content=\"Est. reading time\" \/>\n\t<meta name=\"twitter:data1\" content=\"1 minute\" \/>\n<script type=\"application\/ld+json\" class=\"yoast-schema-graph\">{\"@context\":\"https:\/\/schema.org\",\"@graph\":[{\"@type\":\"WebPage\",\"@id\":\"https:\/\/coolsite.website\/generador-de-enlace-de-whatsapp\/\",\"url\":\"https:\/\/coolsite.website\/generador-de-enlace-de-whatsapp\/\",\"name\":\"Generador de enlace de WhatsApp | CoolSite\",\"isPartOf\":{\"@id\":\"https:\/\/coolsite.website\/#website\"},\"primaryImageOfPage\":{\"@id\":\"https:\/\/coolsite.website\/generador-de-enlace-de-whatsapp\/#primaryimage\"},\"image\":{\"@id\":\"https:\/\/coolsite.website\/generador-de-enlace-de-whatsapp\/#primaryimage\"},\"thumbnailUrl\":\"https:\/\/coolsite.website\/wp-content\/uploads\/2024\/03\/1703461868-31644226-133x82-127762032-133x82-planes2-.webp\",\"datePublished\":\"2024-03-20T21:22:00+00:00\",\"dateModified\":\"2024-03-20T21:46:33+00:00\",\"breadcrumb\":{\"@id\":\"https:\/\/coolsite.website\/generador-de-enlace-de-whatsapp\/#breadcrumb\"},\"inLanguage\":\"en-US\",\"potentialAction\":[{\"@type\":\"ReadAction\",\"target\":[\"https:\/\/coolsite.website\/generador-de-enlace-de-whatsapp\/\"]}]},{\"@type\":\"ImageObject\",\"inLanguage\":\"en-US\",\"@id\":\"https:\/\/coolsite.website\/generador-de-enlace-de-whatsapp\/#primaryimage\",\"url\":\"https:\/\/coolsite.website\/wp-content\/uploads\/2024\/03\/1703461868-31644226-133x82-127762032-133x82-planes2-.webp\",\"contentUrl\":\"https:\/\/coolsite.website\/wp-content\/uploads\/2024\/03\/1703461868-31644226-133x82-127762032-133x82-planes2-.webp\"},{\"@type\":\"BreadcrumbList\",\"@id\":\"https:\/\/coolsite.website\/generador-de-enlace-de-whatsapp\/#breadcrumb\",\"itemListElement\":[{\"@type\":\"ListItem\",\"position\":1,\"name\":\"Portada\",\"item\":\"https:\/\/coolsite.website\/\"},{\"@type\":\"ListItem\",\"position\":2,\"name\":\"Generador de enlace de WhatsApp\"}]},{\"@type\":\"WebSite\",\"@id\":\"https:\/\/coolsite.website\/#website\",\"url\":\"https:\/\/coolsite.website\/\",\"name\":\"CoolSite\",\"description\":\"Agencia Digital\",\"publisher\":{\"@id\":\"https:\/\/coolsite.website\/#organization\"},\"potentialAction\":[{\"@type\":\"SearchAction\",\"target\":{\"@type\":\"EntryPoint\",\"urlTemplate\":\"https:\/\/coolsite.website\/?s={search_term_string}\"},\"query-input\":{\"@type\":\"PropertyValueSpecification\",\"valueRequired\":true,\"valueName\":\"search_term_string\"}}],\"inLanguage\":\"en-US\"},{\"@type\":\"Organization\",\"@id\":\"https:\/\/coolsite.website\/#organization\",\"name\":\"CoolSite\",\"url\":\"https:\/\/coolsite.website\/\",\"logo\":{\"@type\":\"ImageObject\",\"inLanguage\":\"en-US\",\"@id\":\"https:\/\/coolsite.website\/#\/schema\/logo\/image\/\",\"url\":\"https:\/\/i0.wp.com\/coolsite.website\/wp-content\/uploads\/2023\/10\/cropped-cropped-cropped-3-1-e1698364625880.png?fit=150%2C88&ssl=1\",\"contentUrl\":\"https:\/\/i0.wp.com\/coolsite.website\/wp-content\/uploads\/2023\/10\/cropped-cropped-cropped-3-1-e1698364625880.png?fit=150%2C88&ssl=1\",\"width\":150,\"height\":88,\"caption\":\"CoolSite\"},\"image\":{\"@id\":\"https:\/\/coolsite.website\/#\/schema\/logo\/image\/\"}}]}<\/script>\n<!-- \/ Yoast SEO Premium plugin. -->","yoast_head_json":{"title":"Generador de enlace de WhatsApp | CoolSite","robots":{"index":"index","follow":"follow","max-snippet":"max-snippet:-1","max-image-preview":"max-image-preview:large","max-video-preview":"max-video-preview:-1"},"canonical":"https:\/\/coolsite.website\/en\/generador-de-enlace-de-whatsapp\/","og_locale":"en_US","og_type":"article","og_title":"Generador de enlace de WhatsApp","og_description":"CREA TU LINK GRATIS Tu enlace de WhatsApp Obt\u00e9n el contacto de tus clientes y mejora la comunicaci\u00f3n utilizando estrategias de marketing en WhatsApp para establecer un di\u00e1logo m\u00e1s efectivo.","og_url":"https:\/\/coolsite.website\/en\/generador-de-enlace-de-whatsapp\/","og_site_name":"CoolSite","article_modified_time":"2024-03-20T21:46:33+00:00","og_image":[{"url":"https:\/\/coolsite.website\/wp-content\/uploads\/2024\/03\/1703461868-31644226-133x82-127762032-133x82-planes2-.webp"}],"twitter_card":"summary_large_image","twitter_misc":{"Est. reading time":"1 minute"},"schema":{"@context":"https:\/\/schema.org","@graph":[{"@type":"WebPage","@id":"https:\/\/coolsite.website\/generador-de-enlace-de-whatsapp\/","url":"https:\/\/coolsite.website\/generador-de-enlace-de-whatsapp\/","name":"Generador de enlace de WhatsApp | CoolSite","isPartOf":{"@id":"https:\/\/coolsite.website\/#website"},"primaryImageOfPage":{"@id":"https:\/\/coolsite.website\/generador-de-enlace-de-whatsapp\/#primaryimage"},"image":{"@id":"https:\/\/coolsite.website\/generador-de-enlace-de-whatsapp\/#primaryimage"},"thumbnailUrl":"https:\/\/coolsite.website\/wp-content\/uploads\/2024\/03\/1703461868-31644226-133x82-127762032-133x82-planes2-.webp","datePublished":"2024-03-20T21:22:00+00:00","dateModified":"2024-03-20T21:46:33+00:00","breadcrumb":{"@id":"https:\/\/coolsite.website\/generador-de-enlace-de-whatsapp\/#breadcrumb"},"inLanguage":"en-US","potentialAction":[{"@type":"ReadAction","target":["https:\/\/coolsite.website\/generador-de-enlace-de-whatsapp\/"]}]},{"@type":"ImageObject","inLanguage":"en-US","@id":"https:\/\/coolsite.website\/generador-de-enlace-de-whatsapp\/#primaryimage","url":"https:\/\/coolsite.website\/wp-content\/uploads\/2024\/03\/1703461868-31644226-133x82-127762032-133x82-planes2-.webp","contentUrl":"https:\/\/coolsite.website\/wp-content\/uploads\/2024\/03\/1703461868-31644226-133x82-127762032-133x82-planes2-.webp"},{"@type":"BreadcrumbList","@id":"https:\/\/coolsite.website\/generador-de-enlace-de-whatsapp\/#breadcrumb","itemListElement":[{"@type":"ListItem","position":1,"name":"Portada","item":"https:\/\/coolsite.website\/"},{"@type":"ListItem","position":2,"name":"Generador de enlace de WhatsApp"}]},{"@type":"WebSite","@id":"https:\/\/coolsite.website\/#website","url":"https:\/\/coolsite.website\/","name":"CoolSite","description":"Agencia Digital","publisher":{"@id":"https:\/\/coolsite.website\/#organization"},"potentialAction":[{"@type":"SearchAction","target":{"@type":"EntryPoint","urlTemplate":"https:\/\/coolsite.website\/?s={search_term_string}"},"query-input":{"@type":"PropertyValueSpecification","valueRequired":true,"valueName":"search_term_string"}}],"inLanguage":"en-US"},{"@type":"Organization","@id":"https:\/\/coolsite.website\/#organization","name":"CoolSite","url":"https:\/\/coolsite.website\/","logo":{"@type":"ImageObject","inLanguage":"en-US","@id":"https:\/\/coolsite.website\/#\/schema\/logo\/image\/","url":"https:\/\/i0.wp.com\/coolsite.website\/wp-content\/uploads\/2023\/10\/cropped-cropped-cropped-3-1-e1698364625880.png?fit=150%2C88&ssl=1","contentUrl":"https:\/\/i0.wp.com\/coolsite.website\/wp-content\/uploads\/2023\/10\/cropped-cropped-cropped-3-1-e1698364625880.png?fit=150%2C88&ssl=1","width":150,"height":88,"caption":"CoolSite"},"image":{"@id":"https:\/\/coolsite.website\/#\/schema\/logo\/image\/"}}]}},"jetpack_sharing_enabled":true,"_links":{"self":[{"href":"https:\/\/coolsite.website\/en\/wp-json\/wp\/v2\/pages\/6728"}],"collection":[{"href":"https:\/\/coolsite.website\/en\/wp-json\/wp\/v2\/pages"}],"about":[{"href":"https:\/\/coolsite.website\/en\/wp-json\/wp\/v2\/types\/page"}],"author":[{"embeddable":true,"href":"https:\/\/coolsite.website\/en\/wp-json\/wp\/v2\/users\/1"}],"replies":[{"embeddable":true,"href":"https:\/\/coolsite.website\/en\/wp-json\/wp\/v2\/comments?post=6728"}],"version-history":[{"count":22,"href":"https:\/\/coolsite.website\/en\/wp-json\/wp\/v2\/pages\/6728\/revisions"}],"predecessor-version":[{"id":6755,"href":"https:\/\/coolsite.website\/en\/wp-json\/wp\/v2\/pages\/6728\/revisions\/6755"}],"wp:attachment":[{"href":"https:\/\/coolsite.website\/en\/wp-json\/wp\/v2\/media?parent=6728"}],"curies":[{"name":"wp","href":"https:\/\/api.w.org\/{rel}","templated":true}]}}