{"id":525,"date":"2023-10-26T18:52:27","date_gmt":"2023-10-26T23:52:27","guid":{"rendered":"https:\/\/coolsite.website\/?page_id=525"},"modified":"2026-04-09T23:02:33","modified_gmt":"2026-04-10T04:02:33","slug":"base-legal-can-spam","status":"publish","type":"page","link":"https:\/\/coolsite.website\/en\/base-legal-can-spam\/","title":{"rendered":"Base legal CAN-SPAM"},"content":{"rendered":"<div data-elementor-type=\"wp-page\" data-elementor-id=\"525\" class=\"elementor elementor-525\" data-elementor-post-type=\"page\">\n\t\t\t\t\t\t<section data-ha-partstyle=\"nasa\" data-ha-partcolor=\"\" data-ha-partopacity=\"\" data-ha-partdirection=\"bottom\" data-ha-partnum=\"176\" data-ha-partsize=\"3\" data-ha-partspeed=\"3\" data-ha-interactive=\"no\" class=\"elementor-section elementor-top-section elementor-element elementor-element-e6e7c90 elementor-section-height-min-height ha-particle-yes ha-particle-adv-yes elementor-section-boxed elementor-section-height-default elementor-section-items-middle\" data-id=\"e6e7c90\" data-element_type=\"section\" data-settings=\"{&quot;background_background&quot;:&quot;gradient&quot;,&quot;_ha_eqh_enable&quot;:false}\">\n\t\t\t\t\t\t<div class=\"elementor-container elementor-column-gap-default\">\n\t\t\t\t\t<div class=\"elementor-column elementor-col-100 elementor-top-column elementor-element elementor-element-ff7f711\" data-id=\"ff7f711\" data-element_type=\"column\">\n\t\t\t<div class=\"elementor-widget-wrap elementor-element-populated\">\n\t\t\t\t\t\t<div class=\"elementor-element elementor-element-1c5548d elementor-widget elementor-widget-heading\" data-id=\"1c5548d\" data-element_type=\"widget\" data-widget_type=\"heading.default\">\n\t\t\t\t<div class=\"elementor-widget-container\">\n\t\t\t<h2 class=\"elementor-heading-title elementor-size-default\">Base legal CAN-SPAM<\/h2>\t\t<\/div>\n\t\t\t\t<\/div>\n\t\t\t\t\t<\/div>\n\t\t<\/div>\n\t\t\t\t\t<\/div>\n\t\t<\/section>\n\t\t\t\t<section class=\"elementor-section elementor-top-section elementor-element elementor-element-0e7caad elementor-section-boxed elementor-section-height-default elementor-section-height-default\" data-id=\"0e7caad\" data-element_type=\"section\" data-settings=\"{&quot;_ha_eqh_enable&quot;:false}\">\n\t\t\t\t\t\t<div class=\"elementor-container elementor-column-gap-default\">\n\t\t\t\t\t<div class=\"elementor-column elementor-col-100 elementor-top-column elementor-element elementor-element-41f3fd8\" data-id=\"41f3fd8\" data-element_type=\"column\">\n\t\t\t<div class=\"elementor-widget-wrap elementor-element-populated\">\n\t\t\t\t\t\t<div class=\"elementor-element elementor-element-16b2f86 elementor-widget elementor-widget-spacer\" data-id=\"16b2f86\" data-element_type=\"widget\" data-widget_type=\"spacer.default\">\n\t\t\t\t<div class=\"elementor-widget-container\">\n\t\t\t\t\t<div class=\"elementor-spacer\">\n\t\t\t<div class=\"elementor-spacer-inner\"><\/div>\n\t\t<\/div>\n\t\t\t\t<\/div>\n\t\t\t\t<\/div>\n\t\t\t\t<div class=\"elementor-element elementor-element-4345998 elementor-widget elementor-widget-text-editor\" data-id=\"4345998\" data-element_type=\"widget\" data-widget_type=\"text-editor.default\">\n\t\t\t\t<div class=\"elementor-widget-container\">\n\t\t\t\t\t\t\t<p data-start=\"134\" data-end=\"191\"><strong data-start=\"134\" data-end=\"191\">Base Legal: Consentimiento y Cumplimiento de CAN-SPAM<\/strong><\/p><p data-start=\"193\" data-end=\"469\">En los Estados Unidos, el env\u00edo de correos electr\u00f3nicos comerciales se rige por la <strong data-start=\"276\" data-end=\"292\">CAN-SPAM Act<\/strong>, la cual establece las reglas para mensajes comerciales, otorga a los destinatarios el derecho a dejar de recibir correos electr\u00f3nicos y establece sanciones por incumplimiento.<\/p><p data-start=\"471\" data-end=\"746\">De conformidad con esta normativa, CoolSite, en su calidad de responsable del tratamiento de datos, informa que los correos electr\u00f3nicos ser\u00e1n enviados \u00fanicamente a personas que hayan proporcionado voluntariamente su informaci\u00f3n a trav\u00e9s de formularios de captaci\u00f3n de datos.<\/p><p data-start=\"748\" data-end=\"985\">Al completar y enviar el formulario, usted autoriza a CoolSite a utilizar su direcci\u00f3n de correo electr\u00f3nico con el prop\u00f3sito de enviar informaci\u00f3n relevante, actualizaciones y promociones relacionadas con nuestros productos o servicios.<\/p><p data-start=\"987\" data-end=\"1083\">CoolSite se compromete a cumplir con los siguientes principios establecidos por la CAN-SPAM Act:<\/p><ul data-start=\"1085\" data-end=\"1592\"><li data-section-id=\"1s5ktwk\" data-start=\"1085\" data-end=\"1168\">No utilizar encabezados o direcciones de correo electr\u00f3nico falsos o enga\u00f1osos.<\/li><li data-section-id=\"19tzjdo\" data-start=\"1169\" data-end=\"1211\">No emplear l\u00edneas de asunto enga\u00f1osas.<\/li><li data-section-id=\"riv01r\" data-start=\"1212\" data-end=\"1297\">Identificar claramente el mensaje como comunicaci\u00f3n comercial cuando corresponda.<\/li><li data-section-id=\"1desxpp\" data-start=\"1298\" data-end=\"1378\">Incluir la direcci\u00f3n f\u00edsica v\u00e1lida de la empresa en cada correo electr\u00f3nico.<\/li><li data-section-id=\"waure0\" data-start=\"1379\" data-end=\"1513\">Proporcionar un mecanismo claro y funcional para que el destinatario pueda cancelar la suscripci\u00f3n (opt-out) en cualquier momento.<\/li><li data-section-id=\"b4w94g\" data-start=\"1514\" data-end=\"1592\">Procesar las solicitudes de cancelaci\u00f3n de suscripci\u00f3n de manera oportuna.<\/li><\/ul><p data-start=\"1594\" data-end=\"1797\">El consentimiento para recibir correos electr\u00f3nicos es voluntario, y usted puede optar por dejar de recibir comunicaciones en cualquier momento mediante el enlace de cancelaci\u00f3n incluido en cada mensaje.<\/p><p data-start=\"1799\" data-end=\"2000\">CoolSite se compromete a proteger la informaci\u00f3n personal proporcionada y a no compartirla con terceros sin autorizaci\u00f3n, salvo cuando sea requerido por ley o necesario para la prestaci\u00f3n del servicio.<\/p><p data-start=\"2002\" data-end=\"2167\">Al proporcionar sus datos, usted acepta los t\u00e9rminos aqu\u00ed establecidos y autoriza el uso de su informaci\u00f3n conforme a la legislaci\u00f3n aplicable en los Estados Unidos.<\/p><p data-start=\"2169\" data-end=\"2272\">Para cualquier consulta relacionada con el uso de sus datos personales, puede contactarnos a trav\u00e9s de:<\/p><p data-start=\"2274\" data-end=\"2328\">CoolSite<br data-start=\"2282\" data-end=\"2285\" \/><a class=\"decorated-link cursor-pointer\" rel=\"noopener\" data-start=\"2285\" data-end=\"2306\">info@coolsite.website<\/a><br data-start=\"2306\" data-end=\"2309\" \/>04\/09\/2026<\/p>\t\t\t\t\t\t<\/div>\n\t\t\t\t<\/div>\n\t\t\t\t\t<\/div>\n\t\t<\/div>\n\t\t\t\t\t<\/div>\n\t\t<\/section>\n\t\t\t\t<\/div>","protected":false},"excerpt":{"rendered":"<p>Base legal CAN-SPAM Base Legal: Consentimiento y Cumplimiento de CAN-SPAM En los Estados Unidos, el env\u00edo de correos electr\u00f3nicos comerciales se rige por la CAN-SPAM Act, la cual establece las reglas para mensajes comerciales, otorga a los destinatarios el derecho a dejar de recibir correos electr\u00f3nicos y establece sanciones por incumplimiento. De conformidad con esta [&hellip;]<\/p>","protected":false},"author":1,"featured_media":0,"parent":0,"menu_order":0,"comment_status":"closed","ping_status":"closed","template":"elementor_canvas","meta":{"footnotes":""},"yoast_head":"<!-- This site is optimized with the Yoast SEO Premium plugin v21.8 (Yoast SEO v23.5) - https:\/\/yoast.com\/wordpress\/plugins\/seo\/ -->\n<title>Base legal CAN-SPAM | CoolSite<\/title>\n<meta name=\"robots\" content=\"index, follow, max-snippet:-1, max-image-preview:large, max-video-preview:-1\" \/>\n<link rel=\"canonical\" href=\"https:\/\/coolsite.website\/en\/base-legal-can-spam\/\" \/>\n<meta property=\"og:locale\" content=\"en_US\" \/>\n<meta property=\"og:type\" content=\"article\" \/>\n<meta property=\"og:title\" content=\"Base legal CAN-SPAM\" \/>\n<meta property=\"og:description\" content=\"Base legal CAN-SPAM Base Legal: Consentimiento y Cumplimiento de CAN-SPAM En los Estados Unidos, el env\u00edo de correos electr\u00f3nicos comerciales se rige por la CAN-SPAM Act, la cual establece las reglas para mensajes comerciales, otorga a los destinatarios el derecho a dejar de recibir correos electr\u00f3nicos y establece sanciones por incumplimiento. De conformidad con esta [&hellip;]\" \/>\n<meta property=\"og:url\" content=\"https:\/\/coolsite.website\/en\/base-legal-can-spam\/\" \/>\n<meta property=\"og:site_name\" content=\"CoolSite\" \/>\n<meta property=\"article:modified_time\" content=\"2026-04-10T04:02:33+00:00\" \/>\n<meta name=\"twitter:card\" content=\"summary_large_image\" \/>\n<meta name=\"twitter:label1\" content=\"Est. reading time\" \/>\n\t<meta name=\"twitter:data1\" content=\"2 minutes\" \/>\n<script type=\"application\/ld+json\" class=\"yoast-schema-graph\">{\"@context\":\"https:\/\/schema.org\",\"@graph\":[{\"@type\":\"WebPage\",\"@id\":\"https:\/\/coolsite.website\/base-legal-can-spam\/\",\"url\":\"https:\/\/coolsite.website\/base-legal-can-spam\/\",\"name\":\"Base legal CAN-SPAM | CoolSite\",\"isPartOf\":{\"@id\":\"https:\/\/coolsite.website\/#website\"},\"datePublished\":\"2023-10-26T23:52:27+00:00\",\"dateModified\":\"2026-04-10T04:02:33+00:00\",\"breadcrumb\":{\"@id\":\"https:\/\/coolsite.website\/base-legal-can-spam\/#breadcrumb\"},\"inLanguage\":\"en-US\",\"potentialAction\":[{\"@type\":\"ReadAction\",\"target\":[\"https:\/\/coolsite.website\/base-legal-can-spam\/\"]}]},{\"@type\":\"BreadcrumbList\",\"@id\":\"https:\/\/coolsite.website\/base-legal-can-spam\/#breadcrumb\",\"itemListElement\":[{\"@type\":\"ListItem\",\"position\":1,\"name\":\"Portada\",\"item\":\"https:\/\/coolsite.website\/\"},{\"@type\":\"ListItem\",\"position\":2,\"name\":\"Base legal CAN-SPAM\"}]},{\"@type\":\"WebSite\",\"@id\":\"https:\/\/coolsite.website\/#website\",\"url\":\"https:\/\/coolsite.website\/\",\"name\":\"CoolSite\",\"description\":\"Agencia Digital\",\"publisher\":{\"@id\":\"https:\/\/coolsite.website\/#organization\"},\"potentialAction\":[{\"@type\":\"SearchAction\",\"target\":{\"@type\":\"EntryPoint\",\"urlTemplate\":\"https:\/\/coolsite.website\/?s={search_term_string}\"},\"query-input\":{\"@type\":\"PropertyValueSpecification\",\"valueRequired\":true,\"valueName\":\"search_term_string\"}}],\"inLanguage\":\"en-US\"},{\"@type\":\"Organization\",\"@id\":\"https:\/\/coolsite.website\/#organization\",\"name\":\"CoolSite\",\"url\":\"https:\/\/coolsite.website\/\",\"logo\":{\"@type\":\"ImageObject\",\"inLanguage\":\"en-US\",\"@id\":\"https:\/\/coolsite.website\/#\/schema\/logo\/image\/\",\"url\":\"https:\/\/i0.wp.com\/coolsite.website\/wp-content\/uploads\/2023\/10\/cropped-cropped-cropped-3-1-e1698364625880.png?fit=150%2C88&ssl=1\",\"contentUrl\":\"https:\/\/i0.wp.com\/coolsite.website\/wp-content\/uploads\/2023\/10\/cropped-cropped-cropped-3-1-e1698364625880.png?fit=150%2C88&ssl=1\",\"width\":150,\"height\":88,\"caption\":\"CoolSite\"},\"image\":{\"@id\":\"https:\/\/coolsite.website\/#\/schema\/logo\/image\/\"}}]}<\/script>\n<!-- \/ Yoast SEO Premium plugin. -->","yoast_head_json":{"title":"Base legal CAN-SPAM | CoolSite","robots":{"index":"index","follow":"follow","max-snippet":"max-snippet:-1","max-image-preview":"max-image-preview:large","max-video-preview":"max-video-preview:-1"},"canonical":"https:\/\/coolsite.website\/en\/base-legal-can-spam\/","og_locale":"en_US","og_type":"article","og_title":"Base legal CAN-SPAM","og_description":"Base legal CAN-SPAM Base Legal: Consentimiento y Cumplimiento de CAN-SPAM En los Estados Unidos, el env\u00edo de correos electr\u00f3nicos comerciales se rige por la CAN-SPAM Act, la cual establece las reglas para mensajes comerciales, otorga a los destinatarios el derecho a dejar de recibir correos electr\u00f3nicos y establece sanciones por incumplimiento. De conformidad con esta [&hellip;]","og_url":"https:\/\/coolsite.website\/en\/base-legal-can-spam\/","og_site_name":"CoolSite","article_modified_time":"2026-04-10T04:02:33+00:00","twitter_card":"summary_large_image","twitter_misc":{"Est. reading time":"2 minutes"},"schema":{"@context":"https:\/\/schema.org","@graph":[{"@type":"WebPage","@id":"https:\/\/coolsite.website\/base-legal-can-spam\/","url":"https:\/\/coolsite.website\/base-legal-can-spam\/","name":"Base legal CAN-SPAM | CoolSite","isPartOf":{"@id":"https:\/\/coolsite.website\/#website"},"datePublished":"2023-10-26T23:52:27+00:00","dateModified":"2026-04-10T04:02:33+00:00","breadcrumb":{"@id":"https:\/\/coolsite.website\/base-legal-can-spam\/#breadcrumb"},"inLanguage":"en-US","potentialAction":[{"@type":"ReadAction","target":["https:\/\/coolsite.website\/base-legal-can-spam\/"]}]},{"@type":"BreadcrumbList","@id":"https:\/\/coolsite.website\/base-legal-can-spam\/#breadcrumb","itemListElement":[{"@type":"ListItem","position":1,"name":"Portada","item":"https:\/\/coolsite.website\/"},{"@type":"ListItem","position":2,"name":"Base legal CAN-SPAM"}]},{"@type":"WebSite","@id":"https:\/\/coolsite.website\/#website","url":"https:\/\/coolsite.website\/","name":"CoolSite","description":"Agencia Digital","publisher":{"@id":"https:\/\/coolsite.website\/#organization"},"potentialAction":[{"@type":"SearchAction","target":{"@type":"EntryPoint","urlTemplate":"https:\/\/coolsite.website\/?s={search_term_string}"},"query-input":{"@type":"PropertyValueSpecification","valueRequired":true,"valueName":"search_term_string"}}],"inLanguage":"en-US"},{"@type":"Organization","@id":"https:\/\/coolsite.website\/#organization","name":"CoolSite","url":"https:\/\/coolsite.website\/","logo":{"@type":"ImageObject","inLanguage":"en-US","@id":"https:\/\/coolsite.website\/#\/schema\/logo\/image\/","url":"https:\/\/i0.wp.com\/coolsite.website\/wp-content\/uploads\/2023\/10\/cropped-cropped-cropped-3-1-e1698364625880.png?fit=150%2C88&ssl=1","contentUrl":"https:\/\/i0.wp.com\/coolsite.website\/wp-content\/uploads\/2023\/10\/cropped-cropped-cropped-3-1-e1698364625880.png?fit=150%2C88&ssl=1","width":150,"height":88,"caption":"CoolSite"},"image":{"@id":"https:\/\/coolsite.website\/#\/schema\/logo\/image\/"}}]}},"jetpack_sharing_enabled":true,"_links":{"self":[{"href":"https:\/\/coolsite.website\/en\/wp-json\/wp\/v2\/pages\/525"}],"collection":[{"href":"https:\/\/coolsite.website\/en\/wp-json\/wp\/v2\/pages"}],"about":[{"href":"https:\/\/coolsite.website\/en\/wp-json\/wp\/v2\/types\/page"}],"author":[{"embeddable":true,"href":"https:\/\/coolsite.website\/en\/wp-json\/wp\/v2\/users\/1"}],"replies":[{"embeddable":true,"href":"https:\/\/coolsite.website\/en\/wp-json\/wp\/v2\/comments?post=525"}],"version-history":[{"count":18,"href":"https:\/\/coolsite.website\/en\/wp-json\/wp\/v2\/pages\/525\/revisions"}],"predecessor-version":[{"id":7003,"href":"https:\/\/coolsite.website\/en\/wp-json\/wp\/v2\/pages\/525\/revisions\/7003"}],"wp:attachment":[{"href":"https:\/\/coolsite.website\/en\/wp-json\/wp\/v2\/media?parent=525"}],"curies":[{"name":"wp","href":"https:\/\/api.w.org\/{rel}","templated":true}]}}